{"id":2061,"date":"2021-09-01T09:35:49","date_gmt":"2021-09-01T08:35:49","guid":{"rendered":"http:\/\/brusselseyecenter.be\/?page_id=2061"},"modified":"2021-09-24T08:40:01","modified_gmt":"2021-09-24T07:40:01","slug":"vie-privee","status":"publish","type":"page","link":"https:\/\/brusselseyecenter.be\/en\/vie-privee\/","title":{"rendered":"Privacy"},"content":{"rendered":"<div data-elementor-type=\"wp-page\" data-elementor-id=\"2061\" class=\"elementor elementor-2061\" data-elementor-post-type=\"page\">\n\t\t\t\t\t\t<section class=\"elementor-section elementor-top-section elementor-element elementor-element-56307c67 elementor-section-boxed elementor-section-height-default elementor-section-height-default\" data-id=\"56307c67\" data-element_type=\"section\">\n\t\t\t\t\t\t<div class=\"elementor-container elementor-column-gap-no\">\n\t\t\t\t\t<div class=\"elementor-column elementor-col-100 elementor-top-column elementor-element elementor-element-558099c7\" data-id=\"558099c7\" data-element_type=\"column\">\n\t\t\t<div class=\"elementor-widget-wrap elementor-element-populated\">\n\t\t\t\t\t\t<div class=\"elementor-element elementor-element-3bfad16 elementor-widget elementor-widget-heading\" data-id=\"3bfad16\" data-element_type=\"widget\" data-widget_type=\"heading.default\">\n\t\t\t\t<div class=\"elementor-widget-container\">\n\t\t\t<h1 class=\"elementor-heading-title elementor-size-default\">What data do we collect and why?<\/h1>\t\t<\/div>\n\t\t\t\t<\/div>\n\t\t\t\t<div class=\"elementor-element elementor-element-257991c elementor-widget elementor-widget-heading\" data-id=\"257991c\" data-element_type=\"widget\" data-widget_type=\"heading.default\">\n\t\t\t\t<div class=\"elementor-widget-container\">\n\t\t\t<h2 class=\"elementor-heading-title elementor-size-default\">Contact by mail<\/h2>\t\t<\/div>\n\t\t\t\t<\/div>\n\t\t\t\t<div class=\"elementor-element elementor-element-df5da1d elementor-widget elementor-widget-text-editor\" data-id=\"df5da1d\" data-element_type=\"widget\" data-widget_type=\"text-editor.default\">\n\t\t\t\t<div class=\"elementor-widget-container\">\n\t\t\t\t\t\t\t<p>When you contact us by e-mail, the data will only be used for contact purposes on our part and only in the context of the request made by e-mail.<\/p>\t\t\t\t\t\t<\/div>\n\t\t\t\t<\/div>\n\t\t\t\t<div class=\"elementor-element elementor-element-db9b7f1 elementor-widget elementor-widget-heading\" data-id=\"db9b7f1\" data-element_type=\"widget\" data-widget_type=\"heading.default\">\n\t\t\t\t<div class=\"elementor-widget-container\">\n\t\t\t<h2 class=\"elementor-heading-title elementor-size-default\">Cookies<\/h2>\t\t<\/div>\n\t\t\t\t<\/div>\n\t\t\t\t<div class=\"elementor-element elementor-element-d9331c5 elementor-widget elementor-widget-text-editor\" data-id=\"d9331c5\" data-element_type=\"widget\" data-widget_type=\"text-editor.default\">\n\t\t\t\t<div class=\"elementor-widget-container\">\n\t\t\t\t\t\t\t<p>We do not collect any personal data about users of the site.<\/p>\n<p>Some cookies ensure that certain parts of the website function correctly and that your user preferences are taken into account. By setting functional cookies, we make it easier for you to visit our website.<\/p>\t\t\t\t\t\t<\/div>\n\t\t\t\t<\/div>\n\t\t\t\t<div class=\"elementor-element elementor-element-da2f6c2 elementor-widget elementor-widget-heading\" data-id=\"da2f6c2\" data-element_type=\"widget\" data-widget_type=\"heading.default\">\n\t\t\t\t<div class=\"elementor-widget-container\">\n\t\t\t<h2 class=\"elementor-heading-title elementor-size-default\">Embedded content from other sites<\/h2>\t\t<\/div>\n\t\t\t\t<\/div>\n\t\t\t\t<div class=\"elementor-element elementor-element-609531d elementor-widget elementor-widget-text-editor\" data-id=\"609531d\" data-element_type=\"widget\" data-widget_type=\"text-editor.default\">\n\t\t\t\t<div class=\"elementor-widget-container\">\n\t\t\t\t\t\t\t<p>Articles on this site may include embedded content (e.g. videos, images, articles...). Embedded content from other sites behaves in the same way as if the visitor were on that other site.<\/p>\n<p>These websites may collect data about you, use cookies, embed third-party tracking tools, and track your interactions with such embedded content if you have an account with their website.<\/p>\t\t\t\t\t\t<\/div>\n\t\t\t\t<\/div>\n\t\t\t\t<div class=\"elementor-element elementor-element-0ca0bf4 elementor-widget elementor-widget-heading\" data-id=\"0ca0bf4\" data-element_type=\"widget\" data-widget_type=\"heading.default\">\n\t\t\t\t<div class=\"elementor-widget-container\">\n\t\t\t<h2 class=\"elementor-heading-title elementor-size-default\">Contact information<\/h2>\t\t<\/div>\n\t\t\t\t<\/div>\n\t\t\t\t<div class=\"elementor-element elementor-element-caef57a elementor-widget elementor-widget-text-editor\" data-id=\"caef57a\" data-element_type=\"widget\" data-widget_type=\"text-editor.default\">\n\t\t\t\t<div class=\"elementor-widget-container\">\n\t\t\t\t\t\t\t<p>You can contact us by email at <a href=\"mailto:info@brusselseyecenter.be\">info@brusselseyecenter.be<\/a><\/p>\t\t\t\t\t\t<\/div>\n\t\t\t\t<\/div>\n\t\t\t\t\t<\/div>\n\t\t<\/div>\n\t\t\t\t\t<\/div>\n\t\t<\/section>\n\t\t\t\t<\/div>","protected":false},"excerpt":{"rendered":"<p>Quel Donn\u00e9es r\u00e9coltons nous et pourquoi? Contact par mail Lorsque vous nous contactez via mail les donn\u00e9es ne sont utilis\u00e9es qu\u2019\u00e0 des fins de contact de notre part et ce uniquement dans le cadre de la demande effectu\u00e9e par mail. Cookies Nous ne r\u00e9cup\u00e9rons aucune donn\u00e9e personnelle concernant les utilisateurs du site. Certains cookies assurent [&hellip;]<\/p>","protected":false},"author":1,"featured_media":0,"parent":0,"menu_order":0,"comment_status":"closed","ping_status":"closed","template":"elementor_header_footer","meta":{"_et_pb_use_builder":"on","_et_pb_old_content":"","_et_gb_content_width":"","footnotes":""},"yoast_head":"<!-- This site is optimized with the Yoast SEO plugin v22.2 - https:\/\/yoast.com\/wordpress\/plugins\/seo\/ -->\n<title>Vie priv\u00e9e - Brussels Eye Center<\/title>\n<meta name=\"robots\" content=\"index, follow, max-snippet:-1, max-image-preview:large, max-video-preview:-1\" \/>\n<link rel=\"canonical\" href=\"https:\/\/brusselseyecenter.be\/en\/nl\/vie-privee\/\" \/>\n<meta property=\"og:locale\" content=\"en_GB\" \/>\n<meta property=\"og:type\" content=\"article\" \/>\n<meta property=\"og:title\" content=\"Vie priv\u00e9e - Brussels Eye Center\" \/>\n<meta property=\"og:description\" content=\"Quel Donn\u00e9es r\u00e9coltons nous et pourquoi? Contact par mail Lorsque vous nous contactez via mail les donn\u00e9es ne sont utilis\u00e9es qu\u2019\u00e0 des fins de contact de notre part et ce uniquement dans le cadre de la demande effectu\u00e9e par mail. Cookies Nous ne r\u00e9cup\u00e9rons aucune donn\u00e9e personnelle concernant les utilisateurs du site. Certains cookies assurent [&hellip;]\" \/>\n<meta property=\"og:url\" content=\"https:\/\/brusselseyecenter.be\/en\/nl\/vie-privee\/\" \/>\n<meta property=\"og:site_name\" content=\"Brussels Eye Center\" \/>\n<meta property=\"article:modified_time\" content=\"2021-09-24T07:40:01+00:00\" \/>\n<meta name=\"twitter:card\" content=\"summary_large_image\" \/>\n<meta name=\"twitter:label1\" content=\"Estimated reading time\" \/>\n\t<meta name=\"twitter:data1\" content=\"1 minute\" \/>\n<script type=\"application\/ld+json\" class=\"yoast-schema-graph\">{\"@context\":\"https:\/\/schema.org\",\"@graph\":[{\"@type\":\"WebPage\",\"@id\":\"https:\/\/brusselseyecenter.be\/nl\/vie-privee\/\",\"url\":\"https:\/\/brusselseyecenter.be\/nl\/vie-privee\/\",\"name\":\"Vie priv\u00e9e - Brussels Eye Center\",\"isPartOf\":{\"@id\":\"https:\/\/brusselseyecenter.be\/#website\"},\"datePublished\":\"2021-09-01T08:35:49+00:00\",\"dateModified\":\"2021-09-24T07:40:01+00:00\",\"breadcrumb\":{\"@id\":\"https:\/\/brusselseyecenter.be\/nl\/vie-privee\/#breadcrumb\"},\"inLanguage\":\"en-GB\",\"potentialAction\":[{\"@type\":\"ReadAction\",\"target\":[\"https:\/\/brusselseyecenter.be\/nl\/vie-privee\/\"]}]},{\"@type\":\"BreadcrumbList\",\"@id\":\"https:\/\/brusselseyecenter.be\/nl\/vie-privee\/#breadcrumb\",\"itemListElement\":[{\"@type\":\"ListItem\",\"position\":1,\"name\":\"Home\",\"item\":\"https:\/\/brusselseyecenter.be\/\"},{\"@type\":\"ListItem\",\"position\":2,\"name\":\"Vie priv\u00e9e\"}]},{\"@type\":\"WebSite\",\"@id\":\"https:\/\/brusselseyecenter.be\/#website\",\"url\":\"https:\/\/brusselseyecenter.be\/\",\"name\":\"Brussels Eye Center\",\"description\":\"Un site utilisant WordPress\",\"potentialAction\":[{\"@type\":\"SearchAction\",\"target\":{\"@type\":\"EntryPoint\",\"urlTemplate\":\"https:\/\/brusselseyecenter.be\/?s={search_term_string}\"},\"query-input\":\"required name=search_term_string\"}],\"inLanguage\":\"en-GB\"}]}<\/script>\n<!-- \/ Yoast SEO plugin. -->","yoast_head_json":{"title":"Vie priv\u00e9e - Brussels Eye Center","robots":{"index":"index","follow":"follow","max-snippet":"max-snippet:-1","max-image-preview":"max-image-preview:large","max-video-preview":"max-video-preview:-1"},"canonical":"https:\/\/brusselseyecenter.be\/en\/nl\/vie-privee\/","og_locale":"en_GB","og_type":"article","og_title":"Vie priv\u00e9e - Brussels Eye Center","og_description":"Quel Donn\u00e9es r\u00e9coltons nous et pourquoi? Contact par mail Lorsque vous nous contactez via mail les donn\u00e9es ne sont utilis\u00e9es qu\u2019\u00e0 des fins de contact de notre part et ce uniquement dans le cadre de la demande effectu\u00e9e par mail. Cookies Nous ne r\u00e9cup\u00e9rons aucune donn\u00e9e personnelle concernant les utilisateurs du site. Certains cookies assurent [&hellip;]","og_url":"https:\/\/brusselseyecenter.be\/en\/nl\/vie-privee\/","og_site_name":"Brussels Eye Center","article_modified_time":"2021-09-24T07:40:01+00:00","twitter_card":"summary_large_image","twitter_misc":{"Estimated reading time":"1 minute"},"schema":{"@context":"https:\/\/schema.org","@graph":[{"@type":"WebPage","@id":"https:\/\/brusselseyecenter.be\/nl\/vie-privee\/","url":"https:\/\/brusselseyecenter.be\/nl\/vie-privee\/","name":"Vie priv\u00e9e - Brussels Eye Center","isPartOf":{"@id":"https:\/\/brusselseyecenter.be\/#website"},"datePublished":"2021-09-01T08:35:49+00:00","dateModified":"2021-09-24T07:40:01+00:00","breadcrumb":{"@id":"https:\/\/brusselseyecenter.be\/nl\/vie-privee\/#breadcrumb"},"inLanguage":"en-GB","potentialAction":[{"@type":"ReadAction","target":["https:\/\/brusselseyecenter.be\/nl\/vie-privee\/"]}]},{"@type":"BreadcrumbList","@id":"https:\/\/brusselseyecenter.be\/nl\/vie-privee\/#breadcrumb","itemListElement":[{"@type":"ListItem","position":1,"name":"Home","item":"https:\/\/brusselseyecenter.be\/"},{"@type":"ListItem","position":2,"name":"Vie priv\u00e9e"}]},{"@type":"WebSite","@id":"https:\/\/brusselseyecenter.be\/#website","url":"https:\/\/brusselseyecenter.be\/","name":"Brussels Eye Center","description":"Un site utilisant WordPress","potentialAction":[{"@type":"SearchAction","target":{"@type":"EntryPoint","urlTemplate":"https:\/\/brusselseyecenter.be\/?s={search_term_string}"},"query-input":"required name=search_term_string"}],"inLanguage":"en-GB"}]}},"_links":{"self":[{"href":"https:\/\/brusselseyecenter.be\/en\/wp-json\/wp\/v2\/pages\/2061"}],"collection":[{"href":"https:\/\/brusselseyecenter.be\/en\/wp-json\/wp\/v2\/pages"}],"about":[{"href":"https:\/\/brusselseyecenter.be\/en\/wp-json\/wp\/v2\/types\/page"}],"author":[{"embeddable":true,"href":"https:\/\/brusselseyecenter.be\/en\/wp-json\/wp\/v2\/users\/1"}],"replies":[{"embeddable":true,"href":"https:\/\/brusselseyecenter.be\/en\/wp-json\/wp\/v2\/comments?post=2061"}],"version-history":[{"count":0,"href":"https:\/\/brusselseyecenter.be\/en\/wp-json\/wp\/v2\/pages\/2061\/revisions"}],"wp:attachment":[{"href":"https:\/\/brusselseyecenter.be\/en\/wp-json\/wp\/v2\/media?parent=2061"}],"curies":[{"name":"wp","href":"https:\/\/api.w.org\/{rel}","templated":true}]}}