{"id":806,"date":"2021-07-10T17:51:54","date_gmt":"2021-07-10T16:51:54","guid":{"rendered":"http:\/\/brusselseyecenter.be\/?page_id=806"},"modified":"2026-02-06T10:54:51","modified_gmt":"2026-02-06T09:54:51","slug":"contact","status":"publish","type":"page","link":"https:\/\/brusselseyecenter.be\/en\/contact\/","title":{"rendered":"Contact"},"content":{"rendered":"<div data-elementor-type=\"wp-page\" data-elementor-id=\"806\" class=\"elementor elementor-806\" data-elementor-post-type=\"page\">\n\t\t\t\t\t\t<section class=\"elementor-section elementor-top-section elementor-element elementor-element-ca7ef05 elementor-section-height-min-height elementor-section-boxed elementor-section-height-default elementor-section-items-middle\" data-id=\"ca7ef05\" data-element_type=\"section\" data-settings=\"{&quot;background_background&quot;:&quot;classic&quot;}\">\n\t\t\t\t\t\t\t<div class=\"elementor-background-overlay\"><\/div>\n\t\t\t\t\t\t\t<div class=\"elementor-container elementor-column-gap-no\">\n\t\t\t\t\t<div class=\"elementor-column elementor-col-100 elementor-top-column elementor-element elementor-element-ab39f8c\" data-id=\"ab39f8c\" data-element_type=\"column\">\n\t\t\t<div class=\"elementor-widget-wrap elementor-element-populated\">\n\t\t\t\t\t\t<div class=\"elementor-element elementor-element-7483e77 elementor-widget elementor-widget-heading\" data-id=\"7483e77\" data-element_type=\"widget\" data-widget_type=\"heading.default\">\n\t\t\t\t<div class=\"elementor-widget-container\">\n\t\t\t<h1 class=\"elementor-heading-title elementor-size-default\">Contact<\/h1>\t\t<\/div>\n\t\t\t\t<\/div>\n\t\t\t\t\t<\/div>\n\t\t<\/div>\n\t\t\t\t\t<\/div>\n\t\t<\/section>\n\t\t\t\t<section class=\"elementor-section elementor-top-section elementor-element elementor-element-6c5f2e4 elementor-section-height-min-height elementor-section-items-stretch elementor-section-boxed elementor-section-height-default\" data-id=\"6c5f2e4\" data-element_type=\"section\">\n\t\t\t\t\t\t<div class=\"elementor-container elementor-column-gap-no\">\n\t\t\t\t\t<div class=\"elementor-column elementor-col-50 elementor-top-column elementor-element elementor-element-24278c4\" data-id=\"24278c4\" data-element_type=\"column\" data-settings=\"{&quot;background_background&quot;:&quot;classic&quot;}\">\n\t\t\t<div class=\"elementor-widget-wrap elementor-element-populated\">\n\t\t\t\t\t\t<div class=\"elementor-element elementor-element-b6ef471 elementor-widget elementor-widget-heading\" data-id=\"b6ef471\" data-element_type=\"widget\" data-widget_type=\"heading.default\">\n\t\t\t\t<div class=\"elementor-widget-container\">\n\t\t\t<h2 class=\"elementor-heading-title elementor-size-default\">Adress<\/h2>\t\t<\/div>\n\t\t\t\t<\/div>\n\t\t\t\t<div class=\"elementor-element elementor-element-9da24e3 elementor-widget elementor-widget-text-editor\" data-id=\"9da24e3\" data-element_type=\"widget\" data-widget_type=\"text-editor.default\">\n\t\t\t\t<div class=\"elementor-widget-container\">\n\t\t\t\t\t\t\t<p>Saint Hubert street, 49<br \/>1150 Woluwe Saint Pierre<\/p>\t\t\t\t\t\t<\/div>\n\t\t\t\t<\/div>\n\t\t\t\t<div class=\"elementor-element elementor-element-64f3ebb elementor-widget elementor-widget-text-editor\" data-id=\"64f3ebb\" data-element_type=\"widget\" data-widget_type=\"text-editor.default\">\n\t\t\t\t<div class=\"elementor-widget-container\">\n\t\t\t\t\t\t\t<p>Parking zone bleu<\/p>\t\t\t\t\t\t<\/div>\n\t\t\t\t<\/div>\n\t\t\t\t\t<\/div>\n\t\t<\/div>\n\t\t\t\t<div class=\"elementor-column elementor-col-50 elementor-top-column elementor-element elementor-element-255c5ea\" data-id=\"255c5ea\" data-element_type=\"column\" data-settings=\"{&quot;background_background&quot;:&quot;classic&quot;}\">\n\t\t\t<div class=\"elementor-widget-wrap elementor-element-populated\">\n\t\t\t\t\t\t<div class=\"elementor-element elementor-element-b0d10fe elementor-widget elementor-widget-heading\" data-id=\"b0d10fe\" data-element_type=\"widget\" data-widget_type=\"heading.default\">\n\t\t\t\t<div class=\"elementor-widget-container\">\n\t\t\t<h2 class=\"elementor-heading-title elementor-size-default\">Phone<\/h2>\t\t<\/div>\n\t\t\t\t<\/div>\n\t\t\t\t<div class=\"elementor-element elementor-element-e54da0c elementor-widget elementor-widget-text-editor\" data-id=\"e54da0c\" data-element_type=\"widget\" data-widget_type=\"text-editor.default\">\n\t\t\t\t<div class=\"elementor-widget-container\">\n\t\t\t\t\t\t\t<p>The telephone office is available from Monday to Friday from 08.30 to 12.30.<\/p><p>Phon. : 02 \/ 735.43.55\u00a0<br \/><br \/><\/p>\t\t\t\t\t\t<\/div>\n\t\t\t\t<\/div>\n\t\t\t\t\t<\/div>\n\t\t<\/div>\n\t\t\t\t\t<\/div>\n\t\t<\/section>\n\t\t\t\t<section class=\"elementor-section elementor-top-section elementor-element elementor-element-e41b655 elementor-section-boxed elementor-section-height-default elementor-section-height-default\" data-id=\"e41b655\" data-element_type=\"section\">\n\t\t\t\t\t\t<div class=\"elementor-container elementor-column-gap-no\">\n\t\t\t\t\t<div class=\"elementor-column elementor-col-100 elementor-top-column elementor-element elementor-element-6d71d45\" data-id=\"6d71d45\" data-element_type=\"column\" data-settings=\"{&quot;background_background&quot;:&quot;classic&quot;}\">\n\t\t\t<div class=\"elementor-widget-wrap elementor-element-populated\">\n\t\t\t\t\t\t<div class=\"elementor-element elementor-element-669b908 elementor-widget elementor-widget-heading\" data-id=\"669b908\" data-element_type=\"widget\" data-widget_type=\"heading.default\">\n\t\t\t\t<div class=\"elementor-widget-container\">\n\t\t\t<h2 class=\"elementor-heading-title elementor-size-default\">Medical emergency <\/h2>\t\t<\/div>\n\t\t\t\t<\/div>\n\t\t\t\t<div class=\"elementor-element elementor-element-5183df9 elementor-widget elementor-widget-text-editor\" data-id=\"5183df9\" data-element_type=\"widget\" data-widget_type=\"text-editor.default\">\n\t\t\t\t<div class=\"elementor-widget-container\">\n\t\t\t\t\t\t\t<p>In case of medical emergency, please contact us by email: \u00a0<span style=\"color: #fcfcfc;\"><a style=\"color: #fcfcfc;\">info@brusselseyecenter.be<\/a><\/span><\/p><p>If you do not receive a reply from us or outside office hours, please contact<span style=\"color: #fcfcfc;\">\u00a0<strong><a style=\"color: #fcfcfc;\" href=\"https:\/\/chirec.be\/en\/specialists-and-services\/service\/440000-ophtalmologie\/\">the\u00a0<span style=\"text-decoration: underline;\">ophthalmology department of the Delta Hospital<\/span><\/a>\u00a0<a style=\"color: #fcfcfc;\" href=\"https:\/\/www.stpierre-bru.be\/fr\/services-medicaux\/ophtalmologie\">or\u00a0<span style=\"text-decoration: underline;\">St. Peter's Hospital<\/span>.<\/a>\u00a0<\/strong><\/span><\/p>\t\t\t\t\t\t<\/div>\n\t\t\t\t<\/div>\n\t\t\t\t\t<\/div>\n\t\t<\/div>\n\t\t\t\t\t<\/div>\n\t\t<\/section>\n\t\t\t\t<section class=\"elementor-section elementor-top-section elementor-element elementor-element-153931f elementor-section-boxed elementor-section-height-default elementor-section-height-default\" data-id=\"153931f\" data-element_type=\"section\">\n\t\t\t\t\t\t<div class=\"elementor-container elementor-column-gap-no\">\n\t\t\t\t\t<div class=\"elementor-column elementor-col-33 elementor-top-column elementor-element elementor-element-12b09f8\" data-id=\"12b09f8\" data-element_type=\"column\">\n\t\t\t<div class=\"elementor-widget-wrap elementor-element-populated\">\n\t\t\t\t\t\t<div class=\"elementor-element elementor-element-f9e3b83 elementor-widget elementor-widget-heading\" data-id=\"f9e3b83\" data-element_type=\"widget\" data-widget_type=\"heading.default\">\n\t\t\t\t<div class=\"elementor-widget-container\">\n\t\t\t<h3 class=\"elementor-heading-title elementor-size-default\">Brussels Eye Center<\/h3>\t\t<\/div>\n\t\t\t\t<\/div>\n\t\t\t\t<div class=\"elementor-element elementor-element-15192b9 elementor-widget elementor-widget-text-editor\" data-id=\"15192b9\" data-element_type=\"widget\" data-widget_type=\"text-editor.default\">\n\t\t\t\t<div class=\"elementor-widget-container\">\n\t\t\t\t\t\t\t<p>Saint Hubert street, 49<br \/>1150 Woluwe-Saint-Pierre<\/p>\t\t\t\t\t\t<\/div>\n\t\t\t\t<\/div>\n\t\t\t\t<div class=\"elementor-element elementor-element-fa6467f elementor-widget elementor-widget-heading\" data-id=\"fa6467f\" data-element_type=\"widget\" data-widget_type=\"heading.default\">\n\t\t\t\t<div class=\"elementor-widget-container\">\n\t\t\t<h3 class=\"elementor-heading-title elementor-size-default\">Acces <\/h3>\t\t<\/div>\n\t\t\t\t<\/div>\n\t\t\t\t<div class=\"elementor-element elementor-element-329cade elementor-widget elementor-widget-text-editor\" data-id=\"329cade\" data-element_type=\"widget\" data-widget_type=\"text-editor.default\">\n\t\t\t\t<div class=\"elementor-widget-container\">\n\t\t\t\t\t\t\t<p>More info :\u00a0<a href=\"https:\/\/www.stib-mivb.be\/index.htm?l=en\" target=\"_blank\" rel=\"noopener\"><span style=\"color: #333333;\">www.stib.be<\/span><\/a><\/p>\t\t\t\t\t\t<\/div>\n\t\t\t\t<\/div>\n\t\t\t\t\t<\/div>\n\t\t<\/div>\n\t\t\t\t<div class=\"elementor-column elementor-col-66 elementor-top-column elementor-element elementor-element-e15c6f7\" data-id=\"e15c6f7\" data-element_type=\"column\">\n\t\t\t<div class=\"elementor-widget-wrap elementor-element-populated\">\n\t\t\t\t\t\t<div class=\"elementor-element elementor-element-759684a elementor-widget elementor-widget-google_maps\" data-id=\"759684a\" data-element_type=\"widget\" data-widget_type=\"google_maps.default\">\n\t\t\t\t<div class=\"elementor-widget-container\">\n\t\t\t\t\t<div class=\"elementor-custom-embed\">\n\t\t\t<iframe loading=\"lazy\"\n\t\t\t\t\tsrc=\"https:\/\/maps.google.com\/maps?q=Rue%20Saint%20Hubert%2049%2C%201150%20Woluwe-Saint-Pierre%2C%20Belgique&#038;t=m&#038;z=11&#038;output=embed&#038;iwloc=near\"\n\t\t\t\t\ttitle=\"Rue Saint Hubert 49, 1150 Woluwe-Saint-Pierre, Belgique\"\n\t\t\t\t\taria-label=\"Rue Saint Hubert 49, 1150 Woluwe-Saint-Pierre, Belgique\"\n\t\t\t><\/iframe>\n\t\t<\/div>\n\t\t\t\t<\/div>\n\t\t\t\t<\/div>\n\t\t\t\t\t<\/div>\n\t\t<\/div>\n\t\t\t\t\t<\/div>\n\t\t<\/section>\n\t\t\t\t<\/div>","protected":false},"excerpt":{"rendered":"<p>Contact Adresse Rue Saint Hubert, 491150 Woluwe Saint PierreParking zone bleu T\u00e9l\u00e9phone Notre secr\u00e9tariat t\u00e9l\u00e9phonique est disponible du lundi au vendredi de 8h30 \u00a0\u00e0 12h30T\u00e9l. : 02 \/ 735.43.55\u00a0 Urgence m\u00e9dicale En cas d&rsquo;urgence m\u00e9dicale, contactez nous par mail : \u00a0info@brusselseyecenter.beSans r\u00e9ponse de notre part ou en dehors des heures d&rsquo;ouvertures des bureaux veuillez prendre [&hellip;]<\/p>","protected":false},"author":1,"featured_media":0,"parent":0,"menu_order":0,"comment_status":"closed","ping_status":"closed","template":"elementor_header_footer","meta":{"_et_pb_use_builder":"on","_et_pb_old_content":"","_et_gb_content_width":"","footnotes":""},"yoast_head":"<!-- This site is optimized with the Yoast SEO plugin v22.2 - https:\/\/yoast.com\/wordpress\/plugins\/seo\/ -->\n<title>Contact - Brussels Eye Center<\/title>\n<meta name=\"robots\" content=\"index, follow, max-snippet:-1, max-image-preview:large, max-video-preview:-1\" \/>\n<link rel=\"canonical\" href=\"https:\/\/brusselseyecenter.be\/en\/contact\/\" \/>\n<meta property=\"og:locale\" content=\"en_GB\" \/>\n<meta property=\"og:type\" content=\"article\" \/>\n<meta property=\"og:title\" content=\"Contact - Brussels Eye Center\" \/>\n<meta property=\"og:description\" content=\"Contact Adresse Rue Saint Hubert, 491150 Woluwe Saint PierreParking zone bleu T\u00e9l\u00e9phone Notre secr\u00e9tariat t\u00e9l\u00e9phonique est disponible du lundi au vendredi de 8h30 \u00a0\u00e0 12h30T\u00e9l. : 02 \/ 735.43.55\u00a0 Urgence m\u00e9dicale En cas d&#039;urgence m\u00e9dicale, contactez nous par mail : \u00a0info@brusselseyecenter.beSans r\u00e9ponse de notre part ou en dehors des heures d&#039;ouvertures des bureaux veuillez prendre [&hellip;]\" \/>\n<meta property=\"og:url\" content=\"https:\/\/brusselseyecenter.be\/en\/contact\/\" \/>\n<meta property=\"og:site_name\" content=\"Brussels Eye Center\" \/>\n<meta property=\"article:modified_time\" content=\"2026-02-06T09:54:51+00:00\" \/>\n<meta name=\"twitter:card\" content=\"summary_large_image\" \/>\n<meta name=\"twitter:label1\" content=\"Estimated reading time\" \/>\n\t<meta name=\"twitter:data1\" content=\"1 minute\" \/>\n<script type=\"application\/ld+json\" class=\"yoast-schema-graph\">{\"@context\":\"https:\/\/schema.org\",\"@graph\":[{\"@type\":\"WebPage\",\"@id\":\"https:\/\/brusselseyecenter.be\/contact\/\",\"url\":\"https:\/\/brusselseyecenter.be\/contact\/\",\"name\":\"Contact - Brussels Eye Center\",\"isPartOf\":{\"@id\":\"https:\/\/brusselseyecenter.be\/#website\"},\"datePublished\":\"2021-07-10T16:51:54+00:00\",\"dateModified\":\"2026-02-06T09:54:51+00:00\",\"breadcrumb\":{\"@id\":\"https:\/\/brusselseyecenter.be\/contact\/#breadcrumb\"},\"inLanguage\":\"en-GB\",\"potentialAction\":[{\"@type\":\"ReadAction\",\"target\":[\"https:\/\/brusselseyecenter.be\/contact\/\"]}]},{\"@type\":\"BreadcrumbList\",\"@id\":\"https:\/\/brusselseyecenter.be\/contact\/#breadcrumb\",\"itemListElement\":[{\"@type\":\"ListItem\",\"position\":1,\"name\":\"Home\",\"item\":\"https:\/\/brusselseyecenter.be\/\"},{\"@type\":\"ListItem\",\"position\":2,\"name\":\"Contact\"}]},{\"@type\":\"WebSite\",\"@id\":\"https:\/\/brusselseyecenter.be\/#website\",\"url\":\"https:\/\/brusselseyecenter.be\/\",\"name\":\"Brussels Eye Center\",\"description\":\"Un site utilisant WordPress\",\"potentialAction\":[{\"@type\":\"SearchAction\",\"target\":{\"@type\":\"EntryPoint\",\"urlTemplate\":\"https:\/\/brusselseyecenter.be\/?s={search_term_string}\"},\"query-input\":\"required name=search_term_string\"}],\"inLanguage\":\"en-GB\"}]}<\/script>\n<!-- \/ Yoast SEO plugin. -->","yoast_head_json":{"title":"Contact - Brussels Eye Center","robots":{"index":"index","follow":"follow","max-snippet":"max-snippet:-1","max-image-preview":"max-image-preview:large","max-video-preview":"max-video-preview:-1"},"canonical":"https:\/\/brusselseyecenter.be\/en\/contact\/","og_locale":"en_GB","og_type":"article","og_title":"Contact - Brussels Eye Center","og_description":"Contact Adresse Rue Saint Hubert, 491150 Woluwe Saint PierreParking zone bleu T\u00e9l\u00e9phone Notre secr\u00e9tariat t\u00e9l\u00e9phonique est disponible du lundi au vendredi de 8h30 \u00a0\u00e0 12h30T\u00e9l. : 02 \/ 735.43.55\u00a0 Urgence m\u00e9dicale En cas d'urgence m\u00e9dicale, contactez nous par mail : \u00a0info@brusselseyecenter.beSans r\u00e9ponse de notre part ou en dehors des heures d'ouvertures des bureaux veuillez prendre [&hellip;]","og_url":"https:\/\/brusselseyecenter.be\/en\/contact\/","og_site_name":"Brussels Eye Center","article_modified_time":"2026-02-06T09:54:51+00:00","twitter_card":"summary_large_image","twitter_misc":{"Estimated reading time":"1 minute"},"schema":{"@context":"https:\/\/schema.org","@graph":[{"@type":"WebPage","@id":"https:\/\/brusselseyecenter.be\/contact\/","url":"https:\/\/brusselseyecenter.be\/contact\/","name":"Contact - Brussels Eye Center","isPartOf":{"@id":"https:\/\/brusselseyecenter.be\/#website"},"datePublished":"2021-07-10T16:51:54+00:00","dateModified":"2026-02-06T09:54:51+00:00","breadcrumb":{"@id":"https:\/\/brusselseyecenter.be\/contact\/#breadcrumb"},"inLanguage":"en-GB","potentialAction":[{"@type":"ReadAction","target":["https:\/\/brusselseyecenter.be\/contact\/"]}]},{"@type":"BreadcrumbList","@id":"https:\/\/brusselseyecenter.be\/contact\/#breadcrumb","itemListElement":[{"@type":"ListItem","position":1,"name":"Home","item":"https:\/\/brusselseyecenter.be\/"},{"@type":"ListItem","position":2,"name":"Contact"}]},{"@type":"WebSite","@id":"https:\/\/brusselseyecenter.be\/#website","url":"https:\/\/brusselseyecenter.be\/","name":"Brussels Eye Center","description":"Un site utilisant WordPress","potentialAction":[{"@type":"SearchAction","target":{"@type":"EntryPoint","urlTemplate":"https:\/\/brusselseyecenter.be\/?s={search_term_string}"},"query-input":"required name=search_term_string"}],"inLanguage":"en-GB"}]}},"_links":{"self":[{"href":"https:\/\/brusselseyecenter.be\/en\/wp-json\/wp\/v2\/pages\/806"}],"collection":[{"href":"https:\/\/brusselseyecenter.be\/en\/wp-json\/wp\/v2\/pages"}],"about":[{"href":"https:\/\/brusselseyecenter.be\/en\/wp-json\/wp\/v2\/types\/page"}],"author":[{"embeddable":true,"href":"https:\/\/brusselseyecenter.be\/en\/wp-json\/wp\/v2\/users\/1"}],"replies":[{"embeddable":true,"href":"https:\/\/brusselseyecenter.be\/en\/wp-json\/wp\/v2\/comments?post=806"}],"version-history":[{"count":4,"href":"https:\/\/brusselseyecenter.be\/en\/wp-json\/wp\/v2\/pages\/806\/revisions"}],"predecessor-version":[{"id":9024,"href":"https:\/\/brusselseyecenter.be\/en\/wp-json\/wp\/v2\/pages\/806\/revisions\/9024"}],"wp:attachment":[{"href":"https:\/\/brusselseyecenter.be\/en\/wp-json\/wp\/v2\/media?parent=806"}],"curies":[{"name":"wp","href":"https:\/\/api.w.org\/{rel}","templated":true}]}}